

{"id":2319,"date":"2022-03-17T14:52:38","date_gmt":"2022-03-17T14:59:32","guid":{"rendered":"https:\/\/cleanair360.com\/?post_type=product&#038;p=2319"},"modified":"2022-04-12T11:24:09","modified_gmt":"2022-04-12T11:24:09","slug":"ets-ap-160-v2-0","status":"publish","type":"product","link":"https:\/\/cleanair360.com\/de\/produkte\/ets-ap-160-v2-0\/","title":{"rendered":"ETS AP-160 v2.0"},"content":{"rendered":"<table class=\"techData\" width=\"100%\" cellspacing=\"0\" cellpadding=\"0\">\n<colgroup>\n<col width=\"397\">\n<col width=\"908\"> <\/colgroup>\n<tbody>\n<tr>\n<td width=\"40%\" height=\"20\"><strong>Technische Daten<\/strong><\/td>\n<td width=\"60%\"><strong>AP-160 V2.0<\/strong><\/td>\n<\/tr>\n<tr>\n<td width=\"40%\" height=\"20\">Empfohlener Bereich<\/td>\n<td width=\"60%\">160 m\u00b2<\/td>\n<\/tr>\n<tr>\n<td width=\"40%\" height=\"20\">Luftvolumen<\/td>\n<td width=\"60%\">1,300 m\u00b3\/Std<\/td>\n<\/tr>\n<tr>\n<td width=\"40%\" height=\"20\">Betriebsspannung<\/td>\n<td width=\"60%\">230 V<\/td>\n<\/tr>\n<tr>\n<td width=\"40%\" height=\"20\">Frequenz<\/td>\n<td width=\"60%\">50 Hz<\/td>\n<\/tr>\n<tr>\n<td width=\"40%\" height=\"20\">Verbindungskabel<\/td>\n<td width=\"60%\">1,8 m \/ 3,0 m \/ 4,0 m oder Wunschl\u00e4nge (bei Bestellung angeben)<\/td>\n<\/tr>\n<tr>\n<td width=\"40%\" height=\"20\">Anschlussstecker<\/td>\n<td width=\"60%\">CEE 7\/7 (Schuko plug)<\/td>\n<\/tr>\n<tr>\n<td width=\"40%\" height=\"20\">Motor<\/td>\n<td width=\"60%\">EC Motor (electronic control)<\/td>\n<\/tr>\n<tr>\n<td width=\"40%\" height=\"20\">Ma\u00dfe<\/td>\n<td width=\"60%\">1216 x 600 x 345 mm<\/td>\n<\/tr>\n<tr>\n<td width=\"40%\" height=\"20\">Gewicht<\/td>\n<td width=\"60%\">61 kg<\/td>\n<\/tr>\n<tr>\n<td width=\"40%\" height=\"20\">Betriebstemperatur<\/td>\n<td width=\"60%\">5 \u00b0C \u2013 40 \u00b0C<\/td>\n<\/tr>\n<tr>\n<td width=\"40%\" height=\"20\">Relative Luftfeuchtigkeit<\/td>\n<td width=\"60%\">&lt;  80 %<\/td>\n<\/tr>\n<tr>\n<td width=\"40%\" height=\"20\">Automatischer Modus<\/td>\n<td width=\"60%\">Ja<\/td>\n<\/tr>\n<tr>\n<td width=\"40%\" height=\"20\">Bedienung<\/td>\n<td width=\"60%\">Touch, IR-Fernbedienung, Tuya-App (WiFi)<\/td>\n<\/tr>\n<tr>\n<td width=\"40%\" height=\"20\">Tuya Smart Home<\/td>\n<td width=\"60%\">Ja<\/td>\n<\/tr>\n<tr>\n<td width=\"40%\" height=\"20\">Display<\/td>\n<td width=\"60%\">PM2.5, HCHO, TVOC, CO<sub>2,<\/sub>,Temperatur, Luftfeuchtigkeit, L\u00fcftergeschwindigkeit, WLAN, AI-Automatikmodus, verbleibende Filterzeit<\/td>\n<\/tr>\n<tr>\n<td width=\"40%\" height=\"20\">Sensoren<\/td>\n<td width=\"60%\">PM2.5, HCHO, TVOC, CO<sub>2<\/sub>, Temperatur, Luftfeuchtigkeit<\/td>\n<\/tr>\n<tr>\n<td width=\"40%\" height=\"20\">Andere Funktionen<\/td>\n<td width=\"60%\">Timer, Nachtmodus, Kindersicherung<\/td>\n<\/tr>\n<tr>\n<td width=\"40%\" height=\"20\">Vorfilter<\/td>\n<td width=\"60%\">Ja<\/td>\n<\/tr>\n<tr>\n<td width=\"40%\" height=\"20\">HEPA-Filter<\/td>\n<td width=\"60%\">H14 Medizinisch<\/td>\n<\/tr>\n<tr>\n<td width=\"40%\" height=\"20\">Staubklasse<\/td>\n<td width=\"60%\">H14 &#8211; entsprechend DIN EN 1822 (ISO 45H filter ISO 29463)<br \/>\nH &#8211; nach DIN EN 60335-2-69<br \/>\nF7 &#8211; nach DIN EN 779:2002<\/td>\n<\/tr>\n<tr>\n<td width=\"40%\" height=\"20\">Aktivkohlefilter<\/td>\n<td width=\"60%\">Ja<\/td>\n<\/tr>\n<tr>\n<td width=\"40%\" height=\"20\">UV Lampe<\/td>\n<td width=\"60%\">Ja (254 nm)<\/td>\n<\/tr>\n<tr>\n<td width=\"40%\" height=\"20\">Photokatalysator<\/td>\n<td width=\"60%\">Ja (TIO\u2082)<\/td>\n<\/tr>\n<tr>\n<td width=\"40%\" height=\"20\">Plasma<\/td>\n<td width=\"60%\">Ja<\/td>\n<\/tr>\n<tr>\n<td width=\"40%\" height=\"20\">Luftkanal<\/td>\n<td width=\"60%\">Einlass hinten \/ Auslass oben vorne<\/td>\n<\/tr>\n<tr>\n<td width=\"40%\" height=\"20\">Intervall UV-Lampe wechseln<\/td>\n<td width=\"60%\">Ca. 8000 Std. (timer)<\/td>\n<\/tr>\n<tr>\n<td width=\"40%\" height=\"20\">Testberichte<\/td>\n<td width=\"60%\">CE, ROHS, EMC, offizieller biologischer und Filterfunktionsbericht von SGS<\/td>\n<\/tr>\n<tr>\n<td width=\"40%\" height=\"20\">Viren \/ Bakterien getestet (Details siehe Bericht)<\/td>\n<td width=\"60%\">Viren H1N1, H3N2 und Bakterien<\/td>\n<\/tr>\n<tr>\n<td width=\"40%\" height=\"20\">Filter Test<\/td>\n<td width=\"60%\">PM2.5 \/ PM0.3<\/td>\n<\/tr>\n<tr>\n<td width=\"40%\" height=\"20\">Geh\u00e4use<\/td>\n<td width=\"60%\">Wei\u00df, verzinkter Stahl, lackiert<\/td>\n<\/tr>\n<\/tbody>\n<\/table>\n<table class=\"techData\" width=\"100%\" cellspacing=\"0\" cellpadding=\"0\">\n<colgroup>\n<col width=\"397\">\n<col width=\"908\"> <\/colgroup>\n<tbody>\n<tr>\n<td dir=\"LTR\" width=\"40%\"><strong>Volumen (gemessen, 1m)<\/strong><\/td>\n<td width=\"60%\"><\/td>\n<\/tr>\n<tr>\n<td width=\"40%\" height=\"20\">Stufe L:<\/td>\n<td width=\"60%\">35 dB<\/td>\n<\/tr>\n<tr>\n<td width=\"40%\" height=\"20\">Stufe M:<\/td>\n<td width=\"60%\">41 dB<\/td>\n<\/tr>\n<tr>\n<td width=\"40%\" height=\"20\">Stufe H:<\/td>\n<td width=\"60%\">59 dB<\/td>\n<\/tr>\n<tr>\n<td dir=\"LTR\" width=\"40%\"><strong>Volumen (gemessen, 3m)<\/strong><\/td>\n<td width=\"60%\"><\/td>\n<\/tr>\n<tr>\n<td width=\"40%\">Stufe L:<\/td>\n<td width=\"60%\">33 dB<\/td>\n<\/tr>\n<tr>\n<td width=\"40%\">Stufe M:<\/td>\n<td width=\"60%\">38 dB<\/td>\n<\/tr>\n<tr>\n<td width=\"40%\">Stufe H:<\/td>\n<td width=\"60%\">51 dB<\/td>\n<\/tr>\n<tr>\n<td dir=\"LTR\" width=\"40%\"><strong>Luftmenge &#8211; Motordrehzahl<\/strong><\/td>\n<td width=\"60%\"><\/td>\n<\/tr>\n<tr>\n<td width=\"40%\">Stufe L:<\/td>\n<td width=\"60%\">905 m\u00b3 &#8211; 435 U\/min<\/td>\n<\/tr>\n<tr>\n<td width=\"40%\">Stufe M:<\/td>\n<td width=\"60%\">1205 m\u00b3 &#8211; 546 U\/min<\/td>\n<\/tr>\n<tr>\n<td width=\"40%\">Stufe H:<\/td>\n<td width=\"60%\">1380 m\u00b3 &#8211; 724 U\/min<\/td>\n<\/tr>\n<\/tbody>\n<\/table>\n<table class=\"techData\" width=\"100%\" cellspacing=\"0\" cellpadding=\"0\">\n<tbody>\n<tr>\n<td colspan=\"2\"><strong>Stromverbrauch UV-Lampe aus:<\/strong><\/td>\n<\/tr>\n<tr>\n<td width=\"40%\">Standby:<\/td>\n<td width=\"60%\">3 W*<\/td>\n<\/tr>\n<tr>\n<td width=\"40%\">Stufe L:<\/td>\n<td width=\"60%\">42 W<\/td>\n<\/tr>\n<tr>\n<td width=\"40%\">Stufe M:<\/td>\n<td width=\"60%\">63,5 W<\/td>\n<\/tr>\n<tr>\n<td width=\"40%\">Stufe H:<\/td>\n<td width=\"60%\">111 W<\/td>\n<\/tr>\n<tr>\n<td width=\"40%\">Nachtmodus:<\/td>\n<td width=\"60%\">40,5 W<\/td>\n<\/tr>\n<tr>\n<td dir=\"LTR\" width=\"40%\">*with Tuya WiFi<\/td>\n<td width=\"60%\"><\/td>\n<\/tr>\n<tr>\n<td colspan=\"2\"><strong>Stromverbrauch UV-Lampe an:<\/strong><\/td>\n<\/tr>\n<tr>\n<td width=\"40%\">Standby:<\/td>\n<td width=\"60%\">n\/a<\/td>\n<\/tr>\n<tr>\n<td width=\"40%\">Stufe L:<\/td>\n<td width=\"60%\">108 W<\/td>\n<\/tr>\n<tr>\n<td width=\"40%\">Stufe M:<\/td>\n<td width=\"60%\">133 W<\/td>\n<\/tr>\n<tr>\n<td width=\"40%\">Stufe H:<\/td>\n<td width=\"60%\">176 W<\/td>\n<\/tr>\n<tr>\n<td dir=\"LTR\" width=\"40%\">Nachtmodus:<\/td>\n<td width=\"60%\">108 W<\/td>\n<\/tr>\n<\/tbody>\n<\/table>\n<div class=\"content-text\">\n<p style=\"text-align: justify;\"><strong>Beachten Sie:<\/strong><br \/>\nTechnische Daten ermittelt in Laboratorien von AW Laboratories. Luftmenge gemessen mit neuen Filtern. Die in normaler Anwendungsumgebung gemessene Lautst\u00e4rke, unterschiedliche Raumakustik durch Wandverkleidungen und Inneneinrichtungen sowie unterschiedliche Messverfahren in der Industrie k\u00f6nnen das Messergebnis beeinflussen.<\/p>\n<\/div>\n","protected":false},"excerpt":{"rendered":"<h2>ETS Luftreiniger AP-160 v2.0 Stand-Alone-System mit Display zur Anzeige der Luftqualit\u00e4t. Dieses System ist f\u00fcr gr\u00f6\u00dfere R\u00e4ume und R\u00e4ume mit hohem Besucheraufkommen ausgestattet<\/h2>\n<h3>VORFILTER \u279b HEPA-FILTER \u279b AKTIVKOHLEFILTER \u279b PLASMA \u279b PHOTOKATALYSATOR UND UV-LAMPE.<\/h3>\n<p>Das moderne Display zeigt die aktuelle Luftqualit\u00e4t sowie Temperatur und Luftfeuchtigkeit an. Das System wird per Touch, Fernbedienung oder WIFI \u00fcber die Tuya-App bedient.<\/p>\n<p>F\u00fcr R\u00e4ume bis 160m\u00b2 und einer Reinigungsleistung von 1.300m\u00b3\/h, 1216x600x345 mm.<\/p>\n<p>Luftreinigungssysteme kommen \u00fcberall dort zum Einsatz, wo es auf die Raumluftqualit\u00e4t ankommt und Schadstoffe zuverl\u00e4ssig entfernt werden m\u00fcssen. Dies sind zum Beispiel:<br \/>\nGesch\u00e4ftsr\u00e4ume, Ausstellungsr\u00e4ume, Seminarr\u00e4ume, Messen, Kneipen, Restaurants, Bars (auch fensterlose Gastronomie), Alten- und Pflegeheime, Krankenh\u00e4user, Gemeinschaftsunterk\u00fcnfte, Warter\u00e4ume, Sportst\u00e4tten &amp; Fitnessstudios, Wellnessbereiche, Umkleiden, Wohnr\u00e4ume und Schlafzimmer.<\/p>\n","protected":false},"featured_media":2320,"comment_status":"open","ping_status":"closed","template":"","meta":[],"product_cat":[68],"product_tag":[99],"_links":{"self":[{"href":"https:\/\/cleanair360.com\/de\/wp-json\/wp\/v2\/product\/2319"}],"collection":[{"href":"https:\/\/cleanair360.com\/de\/wp-json\/wp\/v2\/product"}],"about":[{"href":"https:\/\/cleanair360.com\/de\/wp-json\/wp\/v2\/types\/product"}],"replies":[{"embeddable":true,"href":"https:\/\/cleanair360.com\/de\/wp-json\/wp\/v2\/comments?post=2319"}],"wp:featuredmedia":[{"embeddable":true,"href":"https:\/\/cleanair360.com\/de\/wp-json\/wp\/v2\/media\/2320"}],"wp:attachment":[{"href":"https:\/\/cleanair360.com\/de\/wp-json\/wp\/v2\/media?parent=2319"}],"wp:term":[{"taxonomy":"product_cat","embeddable":true,"href":"https:\/\/cleanair360.com\/de\/wp-json\/wp\/v2\/product_cat?post=2319"},{"taxonomy":"product_tag","embeddable":true,"href":"https:\/\/cleanair360.com\/de\/wp-json\/wp\/v2\/product_tag?post=2319"}],"curies":[{"name":"wp","href":"https:\/\/api.w.org\/{rel}","templated":true}]}}