

{"id":2308,"date":"2022-03-17T14:52:41","date_gmt":"2022-03-17T14:59:30","guid":{"rendered":"https:\/\/cleanair360.com\/?post_type=product&#038;p=2308"},"modified":"2022-04-12T13:52:53","modified_gmt":"2022-04-12T13:52:53","slug":"ets-ap-220","status":"publish","type":"product","link":"https:\/\/cleanair360.com\/de\/produkte\/ets-ap-220\/","title":{"rendered":"ETS AP-220"},"content":{"rendered":"<table class=\"techData\" width=\"100%\" cellspacing=\"0\" cellpadding=\"0\">\n<colgroup>\n<col width=\"397\">\n<col width=\"777\"> <\/colgroup>\n<tbody>\n<tr>\n<td width=\"40%\" height=\"20\"><strong>Technische Daten<\/strong><\/td>\n<td width=\"60%\" height=\"20\"><strong>AP-220<\/strong><\/td>\n<\/tr>\n<tr>\n<td width=\"40%\" height=\"20\">Empfohlener Bereich<\/td>\n<td width=\"60%\">220 m\u00b2<\/td>\n<\/tr>\n<tr>\n<td width=\"40%\" height=\"20\">Luftvolumen<\/td>\n<td width=\"60%\">2,200 m\u00b3\/h<\/td>\n<\/tr>\n<tr>\n<td width=\"40%\" height=\"20\">Betriebsspannung<\/td>\n<td width=\"60%\">230 V<\/td>\n<\/tr>\n<tr>\n<td width=\"40%\" height=\"20\">Frequenz<\/td>\n<td width=\"60%\">50 Hz<\/td>\n<\/tr>\n<tr>\n<td width=\"40%\" height=\"20\">Verbindungskabel<\/td>\n<td width=\"60%\">1,8 m \/ 3,0 m \/ 4,0 m oder Wunschl\u00e4nge (bei Bestellung angeben)<\/td>\n<\/tr>\n<tr>\n<td width=\"40%\" height=\"20\">Anschlussstecker<\/td>\n<td width=\"60%\">CEE 7\/7 (Schuko plug)<\/td>\n<\/tr>\n<tr>\n<td width=\"40%\" height=\"20\">Motor<\/td>\n<td width=\"60%\">EC Motor (electronic control)<\/td>\n<\/tr>\n<tr>\n<td width=\"40%\" height=\"20\">Ma\u00dfe<\/td>\n<td width=\"60%\">1820 x 680 x 500 mm<\/td>\n<\/tr>\n<tr>\n<td width=\"40%\" height=\"20\">Gewicht<\/td>\n<td width=\"60%\">115 kg<\/td>\n<\/tr>\n<tr>\n<td width=\"40%\" height=\"20\">Betriebstemperatur<\/td>\n<td width=\"60%\">5 \u00b0C \u2013 40 \u00b0C<\/td>\n<\/tr>\n<tr>\n<td width=\"40%\" height=\"20\">Relative Luftfeuchtigkeit<\/td>\n<td width=\"60%\">&lt;  80 %<\/td>\n<\/tr>\n<tr>\n<td width=\"40%\" height=\"20\">Automatischer Modus<\/td>\n<td width=\"60%\">Ja<\/td>\n<\/tr>\n<tr>\n<td width=\"40%\" height=\"20\">Bedienung<\/td>\n<td width=\"60%\">Touch, IR-Fernbedienung, Tuya-App (WLAN)<\/td>\n<\/tr>\n<tr>\n<td width=\"40%\" height=\"20\">Tuya Smart Home<\/td>\n<td width=\"60%\">Ja<\/td>\n<\/tr>\n<tr>\n<td width=\"40%\" height=\"20\">Display<\/td>\n<td width=\"60%\">PM2.5, HCHO, TVOC, CO<sub>2<\/sub>, Temperatur, Luftfeuchtigkeit, L\u00fcftergeschwindigkeit, WLAN, AI-Automatikmodus, verbleibende Filterzeit<\/td>\n<\/tr>\n<tr>\n<td width=\"40%\" height=\"20\">Sensoren<\/td>\n<td width=\"60%\">PM2.5, HCHO, TVOC, CO<sub>2<\/sub>, Temperatur, Luftfeuchtigkeit<\/td>\n<\/tr>\n<tr>\n<td width=\"40%\" height=\"20\">Andere Funktionen<\/td>\n<td width=\"60%\" height=\"20\">Timer, Nachtmodus, Kindersicherung<\/td>\n<\/tr>\n<tr>\n<td width=\"40%\" height=\"20\">Vorfilter<\/td>\n<td width=\"60%\">Ja<\/td>\n<\/tr>\n<tr>\n<td width=\"40%\" height=\"20\">HEPA-Filter<\/td>\n<td width=\"60%\">H14<\/td>\n<\/tr>\n<tr>\n<td width=\"40%\" height=\"20\">Staubklasse<\/td>\n<td width=\"60%\">H14 &#8211; entsprechend DIN EN 1822 (ISO 45H filter ISO 29463)<br \/>\nH &#8211; nach DIN EN 60335-2-69<br \/>\nF7 &#8211; nach DIN EN 779:2002<\/td>\n<\/tr>\n<tr>\n<td width=\"40%\" height=\"20\">Aktivkohlefilter<\/td>\n<td width=\"60%\">Ja<\/td>\n<\/tr>\n<tr>\n<td width=\"40%\" height=\"20\">UV-Lampe<\/td>\n<td width=\"60%\">ja (3x36W | 254 nm)<\/td>\n<\/tr>\n<tr>\n<td width=\"40%\" height=\"20\">Photokatalysator<\/td>\n<td width=\"60%\">Ja (TiO<sub>2<\/sub>)<\/td>\n<\/tr>\n<tr>\n<td width=\"40%\" height=\"20\">Plasma<\/td>\n<td width=\"60%\">Ja<\/td>\n<\/tr>\n<tr>\n<td width=\"40%\" height=\"20\">Luftkanal<\/td>\n<td width=\"60%\">Einlass unten, 4 Seiten \/ Auslass vorne, 4 Luftd\u00fcsen verstellbar<\/td>\n<\/tr>\n<tr>\n<td width=\"40%\" height=\"20\">Wechselintervall UV-Lampe<\/td>\n<td width=\"60%\">Ca. 8000 Std. (timer)<\/td>\n<\/tr>\n<tr>\n<td width=\"40%\" height=\"20\">Testberichte<\/td>\n<td width=\"60%\">CE, ROHS, EMC<\/td>\n<\/tr>\n<tr>\n<td width=\"40%\" height=\"20\">Geh\u00e4use<\/td>\n<td width=\"60%\">Wei\u00df, verzinkter Stahl, lackiert<\/td>\n<\/tr>\n<\/tbody>\n<\/table>\n<table class=\"techData\" width=\"100%\" cellspacing=\"0\" cellpadding=\"0\">\n<colgroup>\n<col width=\"397\">\n<col width=\"777\"> <\/colgroup>\n<tbody>\n<tr>\n<td dir=\"ltr\" width=\"40%\" height=\"20\"><strong>Volumen (gemessen, 1m)<\/strong><\/td>\n<td width=\"60%\"><\/td>\n<\/tr>\n<tr>\n<td width=\"40%\" height=\"20\">Stufe L:<\/td>\n<td width=\"60%\">35 dB<\/td>\n<\/tr>\n<tr>\n<td width=\"40%\" height=\"20\">Stufe M:<\/td>\n<td width=\"60%\">40 dB<\/td>\n<\/tr>\n<tr>\n<td width=\"40%\" height=\"20\">Stufe H:<\/td>\n<td width=\"60%\">58 dB<\/td>\n<\/tr>\n<tr>\n<td dir=\"ltr\" width=\"40%\" height=\"20\"><strong>Volumen (gemessen, 3m)<\/strong><\/td>\n<td width=\"60%\"><\/td>\n<\/tr>\n<tr>\n<td width=\"40%\">Stufe L:<\/td>\n<td width=\"60%\">34 dB<\/td>\n<\/tr>\n<tr>\n<td width=\"40%\">Stufe M:<\/td>\n<td width=\"60%\">39 dB<\/td>\n<\/tr>\n<tr>\n<td width=\"40%\">Stufe H:<\/td>\n<td width=\"60%\">50 dB<\/td>\n<\/tr>\n<\/tbody>\n<\/table>\n<table class=\"techData\" width=\"100%\" cellspacing=\"0\" cellpadding=\"0\">\n<colgroup>\n<col width=\"397\">\n<col width=\"777\"> <\/colgroup>\n<tbody>\n<tr>\n<td dir=\"ltr\" width=\"40%\" height=\"20\"><strong>Energieverbrauch:<\/strong><\/td>\n<td width=\"60%\"><\/td>\n<\/tr>\n<tr>\n<td width=\"40%\" height=\"20\">Standby:<\/td>\n<td width=\"60%\">n\/a<\/td>\n<\/tr>\n<tr>\n<td width=\"40%\">Stufe L:<\/td>\n<td width=\"60%\">107 W<\/td>\n<\/tr>\n<tr>\n<td width=\"40%\">Stufe M:<\/td>\n<td width=\"60%\">195W<\/td>\n<\/tr>\n<tr>\n<td width=\"40%\">Stufe H:<\/td>\n<td width=\"60%\">309 W<\/td>\n<\/tr>\n<tr>\n<td width=\"40%\" height=\"20\">Nachtmodus:<\/td>\n<td width=\"60%\">104 W<\/td>\n<\/tr>\n<\/tbody>\n<\/table>\n<div class=\"content-text\">\n<p style=\"text-align: justify;\"><strong>Beachten Sie:<\/strong><br \/>\nTechnische Daten ermittelt in Laboratorien von AW Laboratories. Luftmenge gemessen mit neuen Filtern. Die in normaler Anwendungsumgebung gemessene Lautst\u00e4rke, unterschiedliche Raumakustik durch Wandverkleidungen und Inneneinrichtungen sowie unterschiedliche Messverfahren in der Industrie k\u00f6nnen das Messergebnis beeinflussen.<\/p>\n<\/div>\n","protected":false},"excerpt":{"rendered":"<h2>Der AP-220 ist speziell f\u00fcr gro\u00dfe R\u00e4ume konzipiert. Ab einer bestimmten Raumgr\u00f6\u00dfe zirkuliert die Raumluft nicht mehr gleichm\u00e4\u00dfig in allen Bereichen. Daher wurde der AP-220 mit vier verstellbaren Luftd\u00fcsen konstruiert.<\/h2>\n<h3>Mit diesem System kann der Luftstrom sowohl f\u00fcr schmale lange R\u00e4ume als auch f\u00fcr breite R\u00e4ume individuell angepasst werden.<\/h3>\n<p>Dar\u00fcber hinaus ist das Luftreinigungssystem modular aufgebaut. So k\u00f6nnen Heizung und Klimaanlage auf Wunsch integriert werden.<\/p>\n<p>Optional k\u00f6nnen die Luftd\u00fcsen auch mit einer LED-RGB-Beleuchtung ausgestattet werden.<\/p>\n<p>Wie alle ETS-Systeme verf\u00fcgt auch der AP-220 \u00fcber das bew\u00e4hrte f\u00fcnfstufige Luftreinigungssystem. Optional kann die Standard-Plasmastufe gegen ein st\u00e4rkeres Bipolar-Ionen-System (Thunderbox\u00ae) ausgetauscht werden. Die Auswirkungen sind eine erfrischende Luft, h\u00f6here Sauerstoffs\u00e4ttigung, Zerst\u00f6rung von Viren, Bakterien und organischen Stoffen im gesamten Raum und nicht nur in der N\u00e4he des Luftreinigers oder durch die Filterung.<\/p>\n<p>F\u00fcr R\u00e4ume bis 220 m\u00b2 und einer Reinigungsleistung von 2.200 m\u00b3\/h, Ma\u00dfe: 1820x680x500 mm.<\/p>\n<p>Luftreinigungssysteme kommen \u00fcberall dort zum Einsatz, wo es auf die Raumluftqualit\u00e4t ankommt und Schadstoffe zuverl\u00e4ssig entfernt werden m\u00fcssen. Dies sind zum Beispiel:<br \/>\nGesch\u00e4ftsr\u00e4ume, Ausstellungsr\u00e4ume, Seminarr\u00e4ume, Messen, Kneipen, Restaurants, Bars (auch fensterlose Gastronomie), Alten- und Pflegeheime, Krankenh\u00e4user, Gemeinschaftsunterk\u00fcnfte, Warter\u00e4ume, Sportst\u00e4tten &amp; Fitnessstudios, Wellnessbereiche, Umkleiden, Wohnr\u00e4ume und Schlafzimmer.<\/p>\n","protected":false},"featured_media":2255,"comment_status":"open","ping_status":"closed","template":"","meta":[],"product_cat":[68],"product_tag":[100],"_links":{"self":[{"href":"https:\/\/cleanair360.com\/de\/wp-json\/wp\/v2\/product\/2308"}],"collection":[{"href":"https:\/\/cleanair360.com\/de\/wp-json\/wp\/v2\/product"}],"about":[{"href":"https:\/\/cleanair360.com\/de\/wp-json\/wp\/v2\/types\/product"}],"replies":[{"embeddable":true,"href":"https:\/\/cleanair360.com\/de\/wp-json\/wp\/v2\/comments?post=2308"}],"wp:featuredmedia":[{"embeddable":true,"href":"https:\/\/cleanair360.com\/de\/wp-json\/wp\/v2\/media\/2255"}],"wp:attachment":[{"href":"https:\/\/cleanair360.com\/de\/wp-json\/wp\/v2\/media?parent=2308"}],"wp:term":[{"taxonomy":"product_cat","embeddable":true,"href":"https:\/\/cleanair360.com\/de\/wp-json\/wp\/v2\/product_cat?post=2308"},{"taxonomy":"product_tag","embeddable":true,"href":"https:\/\/cleanair360.com\/de\/wp-json\/wp\/v2\/product_tag?post=2308"}],"curies":[{"name":"wp","href":"https:\/\/api.w.org\/{rel}","templated":true}]}}