

{"id":2301,"date":"2022-03-17T14:52:20","date_gmt":"2022-03-17T14:59:42","guid":{"rendered":"https:\/\/cleanair360.com\/?post_type=product&#038;p=2301"},"modified":"2022-04-12T11:24:26","modified_gmt":"2022-04-12T11:24:26","slug":"ets-ap-90-v2-0","status":"publish","type":"product","link":"https:\/\/cleanair360.com\/de\/produkte\/ets-ap-90-v2-0\/","title":{"rendered":"ETS AP-90 v2.0"},"content":{"rendered":"<table class=\"techData\" width=\"100%\" cellspacing=\"0\" cellpadding=\"0\">\n<colgroup>\n<col width=\"397\">\n<col width=\"619\"> <\/colgroup>\n<tbody>\n<tr>\n<td width=\"40%\" height=\"20\"><strong>Technische Daten<\/strong><\/td>\n<td width=\"60%\"><strong>AP-90 V2.0<\/strong><\/td>\n<\/tr>\n<tr>\n<td width=\"40%\" height=\"20\">Empfohlener Bereich<\/td>\n<td width=\"60%\">80 m\u00b2<\/td>\n<\/tr>\n<tr>\n<td width=\"40%\" height=\"20\">Luftvolumen<\/td>\n<td width=\"60%\">720 m\u00b3\/h<\/td>\n<\/tr>\n<tr>\n<td width=\"40%\" height=\"20\">Betriebsspannung<\/td>\n<td width=\"60%\">230 V<\/td>\n<\/tr>\n<tr>\n<td width=\"40%\" height=\"20\">Frequenz<\/td>\n<td width=\"60%\">50 Hz \/ 60 Hz<\/td>\n<\/tr>\n<tr>\n<td width=\"40%\" height=\"20\">Verbindungskabel<\/td>\n<td width=\"60%\">1,8 m \/ 3,0 m \/ 4,0 m oder Wunschl\u00e4nge (bei Bestellung angeben)<\/td>\n<\/tr>\n<tr>\n<td width=\"40%\" height=\"20\">Anschlussstecker<\/td>\n<td width=\"60%\">CEE 7\/7 (Schuko plug)<\/td>\n<\/tr>\n<tr>\n<td width=\"40%\" height=\"20\">Motor<\/td>\n<td width=\"60%\">EC-Motor (elektronische Steuerung)<\/td>\n<\/tr>\n<tr>\n<td width=\"40%\" height=\"20\">Ma\u00dfe<\/td>\n<td width=\"60%\">729 x 490 x 244 mm<\/td>\n<\/tr>\n<tr>\n<td width=\"40%\" height=\"20\">Gewicht<\/td>\n<td width=\"60%\">15.8 kg<\/td>\n<\/tr>\n<tr>\n<td width=\"40%\" height=\"20\">Betriebstemperatur<\/td>\n<td width=\"60%\">5 \u00b0C \u2013 40 \u00b0C<\/td>\n<\/tr>\n<tr>\n<td width=\"40%\" height=\"20\">Relative Luftfeuchtigkeit<\/td>\n<td width=\"60%\">&lt;  80%<\/td>\n<\/tr>\n<tr>\n<td width=\"40%\" height=\"20\">Automatischer Modus<\/td>\n<td width=\"60%\">Ja<\/td>\n<\/tr>\n<tr>\n<td width=\"40%\" height=\"20\">Bedienung<\/td>\n<td width=\"60%\">Touch, IR-Fernbedienung<\/td>\n<\/tr>\n<tr>\n<td width=\"40%\" height=\"20\">Anzeige der Luftqualit\u00e4t<\/td>\n<td width=\"60%\">4-facher Farbwechsel f\u00fcr TVOC und PM2.5<\/td>\n<\/tr>\n<tr>\n<td width=\"40%\" height=\"20\">Sensoren<\/td>\n<td width=\"60%\">TVOC, PM2.5<\/td>\n<\/tr>\n<tr>\n<td width=\"40%\" height=\"20\">Andere Funktionen<\/td>\n<td width=\"60%\">Nachtmodus, Kindersicherung per Fernbedienung<\/td>\n<\/tr>\n<tr>\n<td width=\"40%\" height=\"20\">Vorfilter<\/td>\n<td width=\"60%\">Ja<\/td>\n<\/tr>\n<tr>\n<td width=\"40%\" height=\"20\">HEPA-Filter<\/td>\n<td width=\"60%\">H13<\/td>\n<\/tr>\n<tr>\n<td width=\"40%\" height=\"20\">Staubklasse<\/td>\n<td width=\"60%\">H13 &#8211; nach DIN EN 1822<br \/>\nH &#8211; nach DIN EN 60335-2-69<br \/>\nF7 &#8211; nach DIN EN 779:2002<\/td>\n<\/tr>\n<tr>\n<td width=\"40%\" height=\"20\">Aktivkohlefilter<\/td>\n<td width=\"60%\">Ja<\/td>\n<\/tr>\n<tr>\n<td width=\"40%\" height=\"20\">UV Lampe<\/td>\n<td width=\"60%\">Ja (254 nm)<\/td>\n<\/tr>\n<tr>\n<td width=\"40%\" height=\"20\">Photokatalysator<\/td>\n<td width=\"60%\">Ja (TIO\u2082)<\/td>\n<\/tr>\n<tr>\n<td width=\"40%\" height=\"20\">Plasma<\/td>\n<td width=\"60%\">Ja<\/td>\n<\/tr>\n<tr>\n<td width=\"40%\" height=\"20\">Luftkanal<\/td>\n<td width=\"60%\">Einlass hinten \/ Auslass oben<\/td>\n<\/tr>\n<tr>\n<td width=\"40%\" height=\"20\">Wechselintervall UV-Lampe<\/td>\n<td width=\"60%\">Ca. 8000 Std. (timer)<\/td>\n<\/tr>\n<tr>\n<td width=\"40%\" height=\"20\">Testberichte<\/td>\n<td width=\"60%\">CE, ROHS, EMC, offizieller biologischer und Filterfunktionsbericht von SGS<\/td>\n<\/tr>\n<tr>\n<td width=\"40%\" height=\"20\">Viren \/ Bakterien getestet (Details siehe Bericht)<\/td>\n<td width=\"60%\">H1N1, H3N2 Viren und Bakterien<\/td>\n<\/tr>\n<tr>\n<td width=\"40%\" height=\"20\">Filter Test<\/td>\n<td width=\"60%\">PM2.5 \/ PM0.3<\/td>\n<\/tr>\n<tr>\n<td width=\"40%\" height=\"20\">Geh\u00e4use<\/td>\n<td width=\"60%\">H1N1, H3N2 Viren und Bakterien<\/td>\n<\/tr>\n<\/tbody>\n<\/table>\n<table class=\"techData\" width=\"100%\" cellspacing=\"0\" cellpadding=\"0\">\n<tbody>\n<tr>\n<td dir=\"LTR\" width=\"40%\"><strong>Volumen (gemessen, 1m)<\/strong><\/td>\n<td width=\"60%\"><\/td>\n<\/tr>\n<tr>\n<td dir=\"ltr\" width=\"40%\">Stufe 1:<\/td>\n<td width=\"60%\">27 dB<\/td>\n<\/tr>\n<tr>\n<td width=\"40%\">Stufe 2:<\/td>\n<td width=\"60%\">31 dB<\/td>\n<\/tr>\n<tr>\n<td width=\"40%\">Stufe 3:<\/td>\n<td width=\"60%\">34 dB<\/td>\n<\/tr>\n<tr>\n<td width=\"40%\">Stufe 4:<\/td>\n<td width=\"60%\">41 dB<\/td>\n<\/tr>\n<tr>\n<td width=\"40%\">Turbo:<\/td>\n<td width=\"60%\">48 dB<\/td>\n<\/tr>\n<tr>\n<td dir=\"LTR\" width=\"40%\"><strong>Volumen (gemessen, 3m)<\/strong><\/td>\n<td width=\"60%\"><\/td>\n<\/tr>\n<tr>\n<td dir=\"ltr\" width=\"40%\">Stufe 1:<\/td>\n<td width=\"60%\">25 dB<\/td>\n<\/tr>\n<tr>\n<td width=\"40%\">Stufe 2:<\/td>\n<td width=\"60%\">29 dB<\/td>\n<\/tr>\n<tr>\n<td width=\"40%\">Stufe 3:<\/td>\n<td width=\"60%\">31 dB<\/td>\n<\/tr>\n<tr>\n<td width=\"40%\">Stufe 4:<\/td>\n<td width=\"60%\">38 dB<\/td>\n<\/tr>\n<tr>\n<td width=\"40%\">Turbo:<\/td>\n<td width=\"60%\">43 dB<\/td>\n<\/tr>\n<tr>\n<td dir=\"LTR\" width=\"40%\"><strong>Luftmenge &#8211; Motordrehzahl<\/strong><\/td>\n<td width=\"60%\"><\/td>\n<\/tr>\n<tr>\n<td dir=\"ltr\" width=\"40%\">Stufe 1:<\/td>\n<td width=\"60%\">254 m\u00b3 &#8211; 350 U\/min<\/td>\n<\/tr>\n<tr>\n<td width=\"40%\">Stufe 2:<\/td>\n<td width=\"60%\">356 m\u00b3 &#8211; 442 U\/min<\/td>\n<\/tr>\n<tr>\n<td width=\"40%\">Stufe 3:<\/td>\n<td width=\"60%\">603 m\u00b3 &#8211; 788 U\/min<\/td>\n<\/tr>\n<tr>\n<td width=\"40%\">Stufe 4:<\/td>\n<td width=\"60%\">733 m\u00b3 &#8211; 905 U\/min<\/td>\n<\/tr>\n<tr>\n<td width=\"40%\">Turbo:<\/td>\n<td width=\"60%\">870 m\u00b3 &#8211; 978 U\/min<\/td>\n<\/tr>\n<\/tbody>\n<\/table>\n<table class=\"techData\" width=\"100%\" cellspacing=\"0\" cellpadding=\"0\">\n<tbody>\n<tr>\n<td width=\"40%\"><strong>Energieverbrauch:<\/strong><\/td>\n<td width=\"60%\"><\/td>\n<\/tr>\n<tr>\n<td width=\"40%\">Standby:<\/td>\n<td dir=\"LTR\" width=\"60%\">n\/a<\/td>\n<\/tr>\n<tr>\n<td dir=\"ltr\" width=\"40%\">Stufe 1:<\/td>\n<td dir=\"LTR\" width=\"60%\">32 W<\/td>\n<\/tr>\n<tr>\n<td width=\"40%\">Stufe 2:<\/td>\n<td width=\"60%\">36 W<\/td>\n<\/tr>\n<tr>\n<td width=\"40%\">Stufe 3:<\/td>\n<td width=\"60%\">56,5 W<\/td>\n<\/tr>\n<tr>\n<td width=\"40%\">Stufe 4:<\/td>\n<td width=\"60%\">92 W<\/td>\n<\/tr>\n<tr>\n<td width=\"40%\">Turbo:<\/td>\n<td width=\"60%\">113 W<\/td>\n<\/tr>\n<tr>\n<td width=\"40%\">Nachtmodus:<\/td>\n<td width=\"60%\">32 W<\/td>\n<\/tr>\n<\/tbody>\n<\/table>\n<div class=\"content-text\">\n<p><!--StartFragment--><strong>Beachten Sie: <\/strong><br \/>\nTechnische Daten ermittelt in Laboratorien von AW Laboratories. Luftmenge gemessen mit neuen Filtern. Die in normaler Anwendungsumgebung gemessene Lautst\u00e4rke, unterschiedliche Raumakustik durch Wandverkleidungen und Inneneinrichtungen sowie unterschiedliche Messverfahren in der Industrie k\u00f6nnen das Messergebnis beeinflussen.<\/p>\n<p><!--EndFragment--><\/p>\n<\/div>\n","protected":false},"excerpt":{"rendered":"<h2>Unser Allrounder f\u00fcr jede Anwendung. Der ETS Luftreiniger AP-90 v2.0 Standger\u00e4t ist technisch komplett ausgestattet<\/h2>\n<h3>VORFILTER \u279b HEPA-FILTER \u279b AKTIVKOHLEFILTER \u279b PLASMA \u279b PHOTOKATALYSATOR UND ZWEI UV-LAMPEN.<\/h3>\n<p>F\u00fcr R\u00e4ume bis ca. 80m\u00b2 und einer Reinigungsleistung von 720m\u00b3\/h, 729x490x244 mm.<\/p>\n<p>Luftreinigungssysteme kommen \u00fcberall dort zum Einsatz, wo es auf die Raumluftqualit\u00e4t ankommt und Schadstoffe zuverl\u00e4ssig entfernt werden m\u00fcssen. Dies sind zum Beispiel:<br \/>\nGesch\u00e4ftsr\u00e4ume, Ausstellungsr\u00e4ume, Seminarr\u00e4ume, Messen, Kneipen, Restaurants, Bars (auch fensterlose Gastronomie), Alten- und Pflegeheime, Krankenh\u00e4user, Gemeinschaftsunterk\u00fcnfte, Warter\u00e4ume, Sportst\u00e4tten &amp; Fitnessstudios, Wellnessbereiche, Umkleiden, Wohnr\u00e4ume und Schlafzimmer.<\/p>\n","protected":false},"featured_media":2302,"comment_status":"open","ping_status":"closed","template":"","meta":[],"product_cat":[68],"product_tag":[98],"_links":{"self":[{"href":"https:\/\/cleanair360.com\/de\/wp-json\/wp\/v2\/product\/2301"}],"collection":[{"href":"https:\/\/cleanair360.com\/de\/wp-json\/wp\/v2\/product"}],"about":[{"href":"https:\/\/cleanair360.com\/de\/wp-json\/wp\/v2\/types\/product"}],"replies":[{"embeddable":true,"href":"https:\/\/cleanair360.com\/de\/wp-json\/wp\/v2\/comments?post=2301"}],"wp:featuredmedia":[{"embeddable":true,"href":"https:\/\/cleanair360.com\/de\/wp-json\/wp\/v2\/media\/2302"}],"wp:attachment":[{"href":"https:\/\/cleanair360.com\/de\/wp-json\/wp\/v2\/media?parent=2301"}],"wp:term":[{"taxonomy":"product_cat","embeddable":true,"href":"https:\/\/cleanair360.com\/de\/wp-json\/wp\/v2\/product_cat?post=2301"},{"taxonomy":"product_tag","embeddable":true,"href":"https:\/\/cleanair360.com\/de\/wp-json\/wp\/v2\/product_tag?post=2301"}],"curies":[{"name":"wp","href":"https:\/\/api.w.org\/{rel}","templated":true}]}}