

{"id":2294,"date":"2022-03-17T14:51:36","date_gmt":"2022-03-17T14:59:45","guid":{"rendered":"https:\/\/cleanair360.com\/?post_type=product&#038;p=2294"},"modified":"2022-04-12T11:24:31","modified_gmt":"2022-04-12T11:24:31","slug":"ets-ap-40","status":"publish","type":"product","link":"https:\/\/cleanair360.com\/de\/produkte\/ets-ap-40\/","title":{"rendered":"ETS AP-40"},"content":{"rendered":"<table class=\"techData\" width=\"100%\" cellspacing=\"0\" cellpadding=\"0\">\n<colgroup>\n<col width=\"397\">\n<col width=\"558\"> <\/colgroup>\n<tbody>\n<tr>\n<td width=\"40%\" height=\"20\"><strong>Technische Daten<\/strong><\/td>\n<td width=\"60%\"><strong>AP-40<\/strong><\/td>\n<\/tr>\n<tr>\n<td width=\"40%\" height=\"20\">Empfohlener Bereich<\/td>\n<td width=\"60%\">40 m\u00b2<\/td>\n<\/tr>\n<tr>\n<td width=\"40%\" height=\"20\">Luftvolumen<\/td>\n<td width=\"60%\">320 m3\/Std<\/td>\n<\/tr>\n<tr>\n<td width=\"40%\" height=\"20\">Betriebsspannung<\/td>\n<td width=\"60%\">230 V<\/td>\n<\/tr>\n<tr>\n<td width=\"40%\" height=\"20\">Frequenz<\/td>\n<td width=\"60%\">50 Hz<\/td>\n<\/tr>\n<tr>\n<td width=\"40%\" height=\"20\">Verbindungskabel<\/td>\n<td width=\"60%\">620 x 391 x 227 mm<\/td>\n<\/tr>\n<tr>\n<td width=\"40%\" height=\"20\">Anschlussstecker<\/td>\n<td width=\"60%\">1,8 m \/ 3,0 m \/ 4,0 m oder Wunschl\u00e4nge (bei Bestellung angeben)<\/td>\n<\/tr>\n<tr>\n<td width=\"40%\" height=\"20\">Motor<\/td>\n<td width=\"60%\">CEE 7\/7 (Schuko Stecker)<\/td>\n<\/tr>\n<tr>\n<td width=\"40%\" height=\"20\">Ma\u00dfe<\/td>\n<td width=\"60%\">EC-Motor (elektronische Steuerung)<\/td>\n<\/tr>\n<tr>\n<td width=\"40%\" height=\"20\">Gewicht<\/td>\n<td width=\"60%\">8.5 kg<\/td>\n<\/tr>\n<tr>\n<td width=\"40%\" height=\"20\">Betriebstemperatur<\/td>\n<td width=\"60%\">5 \u00b0C \u2013 40 \u00b0C<\/td>\n<\/tr>\n<tr>\n<td width=\"40%\" height=\"20\">Relative Luftfeuchtigkeit<\/td>\n<td width=\"60%\">&lt;  80 %<\/td>\n<\/tr>\n<tr>\n<td width=\"40%\" height=\"20\">Automatischer Modus<\/td>\n<td width=\"60%\">Ja<\/td>\n<\/tr>\n<tr>\n<td width=\"40%\" height=\"20\">Bedienung<\/td>\n<td width=\"60%\">Touch, IR-Fernbedienung<\/td>\n<\/tr>\n<tr>\n<td width=\"40%\" height=\"20\">Anzeige der Luftqualit\u00e4t<\/td>\n<td width=\"60%\">Farbwechsel<\/td>\n<\/tr>\n<tr>\n<td width=\"40%\" height=\"20\">Sensoren<\/td>\n<td width=\"60%\">PM2.5<\/td>\n<\/tr>\n<tr>\n<td width=\"40%\" height=\"20\">Andere Funktionen<\/td>\n<td width=\"60%\">Timer, Nachtmodus, Kindersicherung \u00fcber IR-Fernbedienung<\/td>\n<\/tr>\n<tr>\n<td width=\"40%\" height=\"20\">Vorfilter<\/td>\n<td width=\"60%\">Ja<\/td>\n<\/tr>\n<tr>\n<td width=\"40%\" height=\"20\">HEPA-Filter<\/td>\n<td width=\"60%\">H13<\/td>\n<\/tr>\n<tr>\n<td width=\"40%\" height=\"20\">Staubklasse<\/td>\n<td width=\"60%\">H13 &#8211; nach DIN EN 1822<br \/>\nH &#8211; nach DIN EN 60335-2-69<br \/>\nF7 &#8211; nach DIN EN 779:2002<\/td>\n<\/tr>\n<tr>\n<td width=\"40%\" height=\"20\">Aktivkohlefilter<\/td>\n<td width=\"60%\">Ja<\/td>\n<\/tr>\n<tr>\n<td width=\"40%\" height=\"20\">UV-Lampe<\/td>\n<td width=\"60%\">Ja (254 nm)<\/td>\n<\/tr>\n<tr>\n<td width=\"40%\" height=\"20\">Photokatalysator<\/td>\n<td width=\"60%\">Ja (TiO<sub>2<\/sub>)<\/td>\n<\/tr>\n<tr>\n<td width=\"40%\" height=\"20\">Plasma<\/td>\n<td width=\"60%\">Ja<\/td>\n<\/tr>\n<tr>\n<td width=\"40%\" height=\"20\">Luftkanal<\/td>\n<td width=\"60%\">Einlass hinten \/ Auslass oben, im Nachtmodus vorne<\/td>\n<\/tr>\n<tr>\n<td width=\"40%\" height=\"20\">Wechselintervall UV-Lampe<\/td>\n<td width=\"60%\">Ca. 8000 Std. (timer)<\/td>\n<\/tr>\n<tr>\n<td width=\"40%\" height=\"20\">Testberichte<\/td>\n<td width=\"60%\">CE, ROHS, EMC, offizieller biologischer und Filterfunktionsbericht der GDIM<\/td>\n<\/tr>\n<tr>\n<td width=\"40%\" height=\"20\">Viren \/ Bakterien getestet (Details siehe Bericht)<\/td>\n<td width=\"60%\">H1N1, H3N2 Viren und Bakterien<\/td>\n<\/tr>\n<tr>\n<td width=\"40%\" height=\"20\">Filter Test<\/td>\n<td width=\"60%\">PM2.5 \/ PM0.3<\/td>\n<\/tr>\n<tr>\n<td width=\"40%\" height=\"20\">Geh\u00e4use<\/td>\n<td width=\"60%\">Wei\u00df, Kunststoff<\/td>\n<\/tr>\n<\/tbody>\n<\/table>\n<table class=\"techData\" width=\"100%\" cellspacing=\"0\" cellpadding=\"0\">\n<tbody>\n<tr>\n<td dir=\"LTR\" width=\"40%\" height=\"20\"><strong>Volumen (gemessen, 1m)<\/strong><\/td>\n<td width=\"60%\"><\/td>\n<\/tr>\n<tr>\n<td dir=\"ltr\" width=\"40%\" height=\"20\">Stufe 1:<\/td>\n<td dir=\"LTR\" width=\"60%\">35 dB<\/td>\n<\/tr>\n<tr>\n<td dir=\"ltr\" width=\"40%\" height=\"20\">Stufe 2:<\/td>\n<td dir=\"LTR\" width=\"60%\">37 dB<\/td>\n<\/tr>\n<tr>\n<td dir=\"ltr\" width=\"40%\" height=\"20\">Stufe 3:<\/td>\n<td dir=\"LTR\" width=\"60%\">48 dB<\/td>\n<\/tr>\n<tr>\n<td dir=\"ltr\" width=\"40%\" height=\"20\">Stufe 4:<\/td>\n<td dir=\"LTR\" width=\"60%\">51 dB<\/td>\n<\/tr>\n<\/tbody>\n<\/table>\n<table class=\"techData\" width=\"100%\" cellspacing=\"0\" cellpadding=\"0\">\n<tbody>\n<tr>\n<td dir=\"LTR\" colspan=\"2\" height=\"20\"><strong>Stromverbrauch UV-Lampe aus:<\/strong><\/td>\n<\/tr>\n<tr>\n<td width=\"40%\" height=\"20\">Standby:<\/td>\n<td width=\"60%\">0,5 W<\/td>\n<\/tr>\n<tr>\n<td dir=\"ltr\" width=\"40%\">Stufe 1:<\/td>\n<td width=\"60%\">6,5 W<\/td>\n<\/tr>\n<tr>\n<td dir=\"ltr\" width=\"40%\">Stufe 2:<\/td>\n<td width=\"60%\">9,5 W<\/td>\n<\/tr>\n<tr>\n<td dir=\"ltr\" width=\"40%\">Stufe 3:<\/td>\n<td width=\"60%\">13,5 W<\/td>\n<\/tr>\n<tr>\n<td dir=\"ltr\" width=\"40%\">Stufe 4:<\/td>\n<td width=\"60%\">40,5 W<\/td>\n<\/tr>\n<tr>\n<td dir=\"LTR\" width=\"40%\" height=\"20\">Nachtmodus:<\/td>\n<td width=\"60%\">8,8 W<\/td>\n<\/tr>\n<tr>\n<td dir=\"LTR\" colspan=\"2\" height=\"19\"><strong>Stromverbrauch UV-Lampe an:<\/strong><\/td>\n<\/tr>\n<tr>\n<td width=\"40%\" height=\"20\">Standby:<\/td>\n<td width=\"60%\">n\/a<\/td>\n<\/tr>\n<tr>\n<td dir=\"ltr\" width=\"40%\">Stufe 1:<\/td>\n<td width=\"60%\">15,5 W<\/td>\n<\/tr>\n<tr>\n<td dir=\"ltr\" width=\"40%\">Stufe 2:<\/td>\n<td width=\"60%\">19,5 W<\/td>\n<\/tr>\n<tr>\n<td dir=\"ltr\" width=\"40%\">Stufe 3:<\/td>\n<td width=\"60%\">34 W<\/td>\n<\/tr>\n<tr>\n<td dir=\"ltr\" width=\"40%\">Stufe 4:<\/td>\n<td width=\"60%\">46,5 W<\/td>\n<\/tr>\n<tr>\n<td width=\"40%\" height=\"20\">Nachtmodus:<\/td>\n<td dir=\"LTR\" width=\"60%\">n\/a<\/td>\n<\/tr>\n<\/tbody>\n<\/table>\n<div class=\"content-text\">\n<p style=\"text-align: justify;\"><strong>Beachten Sie:<\/strong><br \/>\nTechnische Daten ermittelt in Laboratorien von AW Laboratories. Luftmenge gemessen mit neuen Filtern. Die in normaler Anwendungsumgebung gemessene Lautst\u00e4rke, unterschiedliche Raumakustik durch Wandverkleidungen und Inneneinrichtungen sowie unterschiedliche Messverfahren in der Industrie k\u00f6nnen das Messergebnis beeinflussen.<\/p>\n<\/div>\n","protected":false},"excerpt":{"rendered":"<h2>Der kompakte ETS Standluftreiniger AP-40 ist technisch voll ausgestattet<\/h2>\n<h3>VORFILTER \u279b HEPA-FILTER \u279b AKTIVKOHLEFILTER \u279b PLASMA \u279b PHOTOKATALYSATOR UND UV-LAMPE.<\/h3>\n<p>Mit voller technischer Ausstattung (Vorfilter &amp; HEPA-Filter &amp; Aktivkohlefilter &amp; Photokatalysator + UV-Lampe &amp; Plasmagenerator) erreicht das kompakte System Bestwerte in allen Labortests.<\/p>\n<p>F\u00fcr R\u00e4ume bis 40m\u00b2 und einer Reinigungsleistung von 320m\u00b3\/h, 620x391x227 mm.<\/p>\n<p>Luftreinigungssysteme kommen \u00fcberall dort zum Einsatz, wo es auf die Raumluftqualit\u00e4t ankommt und Schadstoffe zuverl\u00e4ssig entfernt werden m\u00fcssen. Dies sind zum Beispiel:<br \/>\nGesch\u00e4ftsr\u00e4ume, Ausstellungsr\u00e4ume, Seminarr\u00e4ume, Messen, Kneipen, Restaurants, Bars (auch fensterlose Gastronomie), Alten- und Pflegeheime, Krankenh\u00e4user, Gemeinschaftsunterk\u00fcnfte, Warter\u00e4ume, Sportst\u00e4tten &amp; Fitnessstudios, Wellnessbereiche, Umkleiden, Wohnr\u00e4ume und Schlafzimmer.<\/p>\n","protected":false},"featured_media":2295,"comment_status":"open","ping_status":"closed","template":"","meta":[],"product_cat":[68],"product_tag":[97],"_links":{"self":[{"href":"https:\/\/cleanair360.com\/de\/wp-json\/wp\/v2\/product\/2294"}],"collection":[{"href":"https:\/\/cleanair360.com\/de\/wp-json\/wp\/v2\/product"}],"about":[{"href":"https:\/\/cleanair360.com\/de\/wp-json\/wp\/v2\/types\/product"}],"replies":[{"embeddable":true,"href":"https:\/\/cleanair360.com\/de\/wp-json\/wp\/v2\/comments?post=2294"}],"wp:featuredmedia":[{"embeddable":true,"href":"https:\/\/cleanair360.com\/de\/wp-json\/wp\/v2\/media\/2295"}],"wp:attachment":[{"href":"https:\/\/cleanair360.com\/de\/wp-json\/wp\/v2\/media?parent=2294"}],"wp:term":[{"taxonomy":"product_cat","embeddable":true,"href":"https:\/\/cleanair360.com\/de\/wp-json\/wp\/v2\/product_cat?post=2294"},{"taxonomy":"product_tag","embeddable":true,"href":"https:\/\/cleanair360.com\/de\/wp-json\/wp\/v2\/product_tag?post=2294"}],"curies":[{"name":"wp","href":"https:\/\/api.w.org\/{rel}","templated":true}]}}