

{"id":2134,"date":"2021-12-21T12:14:33","date_gmt":"2022-02-24T14:37:46","guid":{"rendered":"http:\/\/cleanair360.com\/products\/unkategorisiert\/et-fc-10s\/"},"modified":"2022-04-07T09:36:56","modified_gmt":"2022-04-07T09:36:56","slug":"et-fc-10s-fieber-schnelltester","status":"publish","type":"product","link":"https:\/\/cleanair360.com\/de\/produkte\/et-fc-10s-fieber-schnelltester\/","title":{"rendered":"ET-FC-10S"},"content":{"rendered":"<table class=\"techData\" width=\"100%\" cellspacing=\"0\" cellpadding=\"0\">\n<tbody>\n<tr>\n<td colspan=\"2\" width=\"660\"><strong><font style=\"vertical-align: inherit;\"><font style=\"vertical-align: inherit;\">ET-FC-10S<\/font><\/font><\/strong><\/td>\n<\/tr>\n<tr>\n<td><font style=\"vertical-align: inherit;\"><font style=\"vertical-align: inherit;\">System<\/font><\/font><\/td>\n<td><font style=\"vertical-align: inherit;\"><font style=\"vertical-align: inherit;\">System Eingebettetes Linux-System, ARM-Chipstruktur<\/font><\/font><\/td>\n<\/tr>\n<tr>\n<td><font style=\"vertical-align: inherit;\"><font style=\"vertical-align: inherit;\">Chip<\/font><\/font><\/td>\n<td><font style=\"vertical-align: inherit;\"><font style=\"vertical-align: inherit;\">Chip SStar325<\/font><\/font><\/td>\n<\/tr>\n<tr>\n<td><font style=\"vertical-align: inherit;\"><font style=\"vertical-align: inherit;\">Sensoraufl\u00f6sung<\/font><\/font><\/td>\n<td><font style=\"vertical-align: inherit;\"><font style=\"vertical-align: inherit;\">1 \/ 2.9 &#8222;COMS SC2232H \/ GC2063 1902 * 1080<\/font><\/font><\/td>\n<\/tr>\n<tr>\n<td><font style=\"vertical-align: inherit;\"><font style=\"vertical-align: inherit;\">W\u00e4rmesensor<\/font><\/font><\/td>\n<td><font style=\"vertical-align: inherit;\"><font style=\"vertical-align: inherit;\">Hestia 32 * 32 90 \u00b5m<\/font><\/font><\/td>\n<\/tr>\n<tr>\n<td><font style=\"vertical-align: inherit;\"><font style=\"vertical-align: inherit;\">Richtigkeit<\/font><\/font><\/td>\n<td><font style=\"vertical-align: inherit;\"><font style=\"vertical-align: inherit;\">\u00b1 0.3 \u2103&nbsp;<\/font><\/font><\/td>\n<\/tr>\n<tr>\n<td><font style=\"vertical-align: inherit;\"><font style=\"vertical-align: inherit;\">Anzeigebereich<\/font><\/font><\/td>\n<td><font style=\"vertical-align: inherit;\"><font style=\"vertical-align: inherit;\">32-42 \u2103<\/font><\/font><\/td>\n<\/tr>\n<tr>\n<td><font style=\"vertical-align: inherit;\"><font style=\"vertical-align: inherit;\">Standpunkt<\/font><\/font><\/td>\n<td><font style=\"vertical-align: inherit;\"><font style=\"vertical-align: inherit;\">Kamera 75\u00b0 Temperatursensor 33\u00b0<\/font><\/font><\/td>\n<\/tr>\n<tr>\n<td><font style=\"vertical-align: inherit;\"><font style=\"vertical-align: inherit;\">Video compression<\/font><\/font><\/td>\n<td><font style=\"vertical-align: inherit;\"><font style=\"vertical-align: inherit;\">H.265 \/ 20FPS<\/font><\/font><\/td>\n<\/tr>\n<tr>\n<td><font style=\"vertical-align: inherit;\"><font style=\"vertical-align: inherit;\">Video Format<\/font><\/font><\/td>\n<td><font style=\"vertical-align: inherit;\"><font style=\"vertical-align: inherit;\">PAL<\/font><\/font><\/td>\n<\/tr>\n<tr>\n<td><font style=\"vertical-align: inherit;\"><font style=\"vertical-align: inherit;\">Minimale Beleuchtung<\/font><\/font><\/td>\n<td><font style=\"vertical-align: inherit;\"><font style=\"vertical-align: inherit;\">0.01 lux<\/font><\/font><\/td>\n<\/tr>\n<tr>\n<td><font style=\"vertical-align: inherit;\"><font style=\"vertical-align: inherit;\">To sue<\/font><\/font><\/td>\n<td><font style=\"vertical-align: inherit;\"><font style=\"vertical-align: inherit;\">rote \/ gr\u00fcne LED f\u00fcr Messergebnis \/ LED Temperaturanzeige \/ wei\u00dfe LED betriebsbereit<\/font><\/font><\/td>\n<\/tr>\n<tr>\n<td><font style=\"vertical-align: inherit;\"><font style=\"vertical-align: inherit;\">WIFI<\/font><\/font><\/td>\n<td><font style=\"vertical-align: inherit;\"><font style=\"vertical-align: inherit;\">unterst\u00fctzt IEEE802.11b \/ g \/ n Wireless-Protokoll 10Mbps<\/font><\/font><\/td>\n<\/tr>\n<tr>\n<td><font style=\"vertical-align: inherit;\"><font style=\"vertical-align: inherit;\">LAN<\/font><\/font><\/td>\n<td><font style=\"vertical-align: inherit;\"><font style=\"vertical-align: inherit;\">100Mbps adaptive \/ RJ45 interface<\/font><\/font><\/td>\n<\/tr>\n<tr>\n<td><font style=\"vertical-align: inherit;\"><font style=\"vertical-align: inherit;\">Abstand zur Fiebermessun<\/font><\/font><\/td>\n<td><font style=\"vertical-align: inherit;\"><font style=\"vertical-align: inherit;\">Der empfohlene Abstand betr\u00e4gt 75 cm &#8211; 1 m<\/font><\/font><\/td>\n<\/tr>\n<tr>\n<td><font style=\"vertical-align: inherit;\"><font style=\"vertical-align: inherit;\">Nachtsicht<\/font><\/font><\/td>\n<td><font style=\"vertical-align: inherit;\"><font style=\"vertical-align: inherit;\">Doppelfilter, automatische Umschaltung 5-10 Meter (variiert je nach Umgebung)&nbsp;<\/font><\/font><\/td>\n<\/tr>\n<tr>\n<td><font style=\"vertical-align: inherit;\"><font style=\"vertical-align: inherit;\">Network protocol<\/font><\/font><\/td>\n<td><font style=\"vertical-align: inherit;\"><font style=\"vertical-align: inherit;\">TCP \/ IP, UDP, HTTP<\/font><\/font><\/td>\n<\/tr>\n<tr>\n<td><font style=\"vertical-align: inherit;\"><font style=\"vertical-align: inherit;\">Alarm 1<\/font><\/font><\/td>\n<td><font style=\"vertical-align: inherit;\"><font style=\"vertical-align: inherit;\">Gesichtserkennung optional<\/font><\/font><\/td>\n<\/tr>\n<tr>\n<td><font style=\"vertical-align: inherit;\"><font style=\"vertical-align: inherit;\">Alarm 2<\/font><\/font><\/td>\n<td><font style=\"vertical-align: inherit;\"><font style=\"vertical-align: inherit;\">hohe und niedrige Temperatur&nbsp;<\/font><\/font><\/td>\n<\/tr>\n<tr>\n<td><font style=\"vertical-align: inherit;\"><font style=\"vertical-align: inherit;\">Memory card<\/font><\/font><\/td>\n<td><font style=\"vertical-align: inherit;\"><font style=\"vertical-align: inherit;\">TF Card (max 128GB)<\/font><\/font><\/td>\n<\/tr>\n<tr>\n<td><font style=\"vertical-align: inherit;\"><font style=\"vertical-align: inherit;\">power adapter<\/font><\/font><\/td>\n<td><font style=\"vertical-align: inherit;\"><font style=\"vertical-align: inherit;\">Power supply 12V \/ 1A<\/font><\/font><\/td>\n<\/tr>\n<tr>\n<td><font style=\"vertical-align: inherit;\"><font style=\"vertical-align: inherit;\">Schutzklasse<\/font><\/font><\/td>\n<td><font style=\"vertical-align: inherit;\"><font style=\"vertical-align: inherit;\">IP65 (outdoor)<\/font><\/font><\/td>\n<\/tr>\n<tr>\n<td><font style=\"vertical-align: inherit;\"><font style=\"vertical-align: inherit;\">Umgebungstemperatur&nbsp;<\/font><\/font><\/td>\n<td><font style=\"vertical-align: inherit;\"><font style=\"vertical-align: inherit;\">-10 \u2103 \/ + 50 \u2103<\/font><\/font><\/td>\n<\/tr>\n<tr>\n<td><font style=\"vertical-align: inherit;\"><font style=\"vertical-align: inherit;\">Luftfeuchtigkeit<\/font><\/font><\/td>\n<td><font style=\"vertical-align: inherit;\"><font style=\"vertical-align: inherit;\">&nbsp;\u226495% RH<\/font><\/font><\/td>\n<\/tr>\n<tr>\n<td><font style=\"vertical-align: inherit;\"><font style=\"vertical-align: inherit;\">EAN<\/font><\/font><\/td>\n<td><font style=\"vertical-align: inherit;\"><font style=\"vertical-align: inherit;\">4250820807396<br \/>\n<\/font><\/font><\/td>\n<\/tr>\n<\/tbody>\n<\/table>\n","protected":false},"excerpt":{"rendered":"<h2>Das System wurde speziell f\u00fcr die vollautomatische kontaktlose Fieber-Fernmessung nach den Corona-Abstandsregeln f\u00fcr Menschen entwickelt. <\/h2>\n<h3>Aufgrund seines technischen Aufbaus garantiert das System h\u00f6chstm\u00f6gliche Messgenauigkeit bei einfachster Anwendung.<\/h3>\n<p>Der Gesichtsbereich von Personen wird beim Stehen vor dem System automatisch innerhalb einer Sekunde erfasst und das Ergebnis durch eine gr\u00fcne LED (normale Temperatur) oder eine rote LED (Fiebertemperatur) mit zus\u00e4tzlichem Alarmton angezeigt. Die gemessene Temperatur wird nach dem Messvorgang auf der Vorderseite der Kamera durch eine LED-Anzeige angezeigt. Es ist nicht notwendig, die Schutzmaske abzunehme In Verbindung mit der APP- oder PC-Software k\u00f6nnen die Daten optional auf einem Mobilger\u00e4t oder Bildschirm angezeigt werdenen.<\/p>\n<p>Die Computersoftware (f\u00fcr Windows 10) enth\u00e4lt eine Personenz\u00e4hlung f\u00fcr die Gesamtzahl der Passanten sowie eine Aufschl\u00fcsselung nach Personen mit normaler Temperatur und die Anzahl der Fieberalarme. This function can be used to restrict the number of people in a building and for statistics.<\/p>\n","protected":false},"featured_media":2135,"comment_status":"open","ping_status":"closed","template":"","meta":[],"product_cat":[69],"product_tag":[],"_links":{"self":[{"href":"https:\/\/cleanair360.com\/de\/wp-json\/wp\/v2\/product\/2134"}],"collection":[{"href":"https:\/\/cleanair360.com\/de\/wp-json\/wp\/v2\/product"}],"about":[{"href":"https:\/\/cleanair360.com\/de\/wp-json\/wp\/v2\/types\/product"}],"replies":[{"embeddable":true,"href":"https:\/\/cleanair360.com\/de\/wp-json\/wp\/v2\/comments?post=2134"}],"wp:featuredmedia":[{"embeddable":true,"href":"https:\/\/cleanair360.com\/de\/wp-json\/wp\/v2\/media\/2135"}],"wp:attachment":[{"href":"https:\/\/cleanair360.com\/de\/wp-json\/wp\/v2\/media?parent=2134"}],"wp:term":[{"taxonomy":"product_cat","embeddable":true,"href":"https:\/\/cleanair360.com\/de\/wp-json\/wp\/v2\/product_cat?post=2134"},{"taxonomy":"product_tag","embeddable":true,"href":"https:\/\/cleanair360.com\/de\/wp-json\/wp\/v2\/product_tag?post=2134"}],"curies":[{"name":"wp","href":"https:\/\/api.w.org\/{rel}","templated":true}]}}