

{"id":2132,"date":"2021-12-21T12:18:32","date_gmt":"2022-02-24T11:57:33","guid":{"rendered":"http:\/\/cleanair360.com\/products\/unkategorisiert\/et-cam-ir-30-v2-0\/"},"modified":"2022-04-07T09:36:56","modified_gmt":"2022-04-07T09:36:56","slug":"et-cam-ir-30-v2-0-fieber-schnelltester","status":"publish","type":"product","link":"https:\/\/cleanair360.com\/de\/produkte\/et-cam-ir-30-v2-0-fieber-schnelltester\/","title":{"rendered":"ET-CAM-IR-30 V2.0"},"content":{"rendered":"<table class=\"techData\" width=\"100%\" cellspacing=\"0\" cellpadding=\"0\">\n<tbody>\n<tr>\n<td colspan=\"3\" width=\"924\"><strong><font style=\"vertical-align: inherit;\"><font style=\"vertical-align: inherit;\">Dualspektrum-W\u00e4rmebildkamera ET-CAM-IR-30 V2.0<\/font><\/font><\/strong><\/td>\n<\/tr>\n<tr>\n<td colspan=\"2\"><font style=\"vertical-align: inherit;\"><font style=\"vertical-align: inherit;\">Parameter<\/font><\/font><\/td>\n<td><font style=\"vertical-align: inherit;\"><font style=\"vertical-align: inherit;\">&nbsp;Spezifikation<\/font><\/font><\/td>\n<\/tr>\n<tr>\n<td rowspan=\"4\">&nbsp;<\/td>\n<td><font style=\"vertical-align: inherit;\"><font style=\"vertical-align: inherit;\">min.Beleuchtung<\/font><\/font><\/td>\n<td><font style=\"vertical-align: inherit;\"><font style=\"vertical-align: inherit;\">0.5 lux @ (F1.8, AGC ON)<\/font><\/font><\/td>\n<\/tr>\n<tr>\n<td><font style=\"vertical-align: inherit;\"><font style=\"vertical-align: inherit;\">Gegenlichtkompensation<\/font><\/font><\/td>\n<td><font style=\"vertical-align: inherit;\"><font style=\"vertical-align: inherit;\">wird unterst\u00fctzt<\/font><\/font><\/td>\n<\/tr>\n<tr>\n<td><font style=\"vertical-align: inherit;\"><font style=\"vertical-align: inherit;\">Digitales Rauschen<\/font><\/font><\/td>\n<td><font style=\"vertical-align: inherit;\"><font style=\"vertical-align: inherit;\">&nbsp;Digitale 2D- und 3D-Rauschunterdr\u00fcckung<\/font><\/font><\/td>\n<\/tr>\n<tr>\n<td><font style=\"vertical-align: inherit;\"><font style=\"vertical-align: inherit;\">Signal-Rausch-Verh\u00e4ltnis<\/font><\/font><\/td>\n<td><font style=\"vertical-align: inherit;\"><font style=\"vertical-align: inherit;\">\u226555dB<\/font><\/font><\/td>\n<\/tr>\n<tr>\n<td rowspan=\"13\" bgcolor=\"#F9F9F9\"><font style=\"vertical-align: inherit;\"><font style=\"vertical-align: inherit;\">Allgemein<\/font><\/font><\/td>\n<td bgcolor=\"#F9F9F9\"><font style=\"vertical-align: inherit;\"><font style=\"vertical-align: inherit;\">IP-Konfigurationen<\/font><\/font><\/td>\n<td bgcolor=\"#F9F9F9\"><font style=\"vertical-align: inherit;\"><font style=\"vertical-align: inherit;\">DHCP oder feste IP-Adresse<\/font><\/font><\/td>\n<\/tr>\n<tr>\n<td bgcolor=\"#F9F9F9\"><font style=\"vertical-align: inherit;\"><font style=\"vertical-align: inherit;\">Temperatureinheiten<\/font><\/font><\/td>\n<td bgcolor=\"#F9F9F9\"><font style=\"vertical-align: inherit;\"><font style=\"vertical-align: inherit;\">\u00b0 Celsius \/ \u00b0 Fahrenheit<\/font><\/font><\/td>\n<\/tr>\n<tr>\n<td rowspan=\"5\" bgcolor=\"#F9F9F9\"><font style=\"vertical-align: inherit;\"><font style=\"vertical-align: inherit;\">interface<\/font><\/font><\/td>\n<td bgcolor=\"#F9F9F9\"><font style=\"vertical-align: inherit;\"><font style=\"vertical-align: inherit;\">Ethernet (RJ45)<\/font><\/font><\/td>\n<\/tr>\n<tr>\n<td bgcolor=\"#F9F9F9\"><font style=\"vertical-align: inherit;\"><font style=\"vertical-align: inherit;\">HDMI<\/font><\/font><\/td>\n<\/tr>\n<tr>\n<td bgcolor=\"#F9F9F9\"><font style=\"vertical-align: inherit;\"><font style=\"vertical-align: inherit;\">RS485<\/font><\/font><\/td>\n<\/tr>\n<tr>\n<td bgcolor=\"#F9F9F9\"><font style=\"vertical-align: inherit;\"><font style=\"vertical-align: inherit;\">Alarm<\/font><\/font><\/td>\n<\/tr>\n<tr>\n<td bgcolor=\"#F9F9F9\"><font style=\"vertical-align: inherit;\"><font style=\"vertical-align: inherit;\">USB<\/font><\/font><\/td>\n<\/tr>\n<tr>\n<td bgcolor=\"#F9F9F9\"><font style=\"vertical-align: inherit;\"><font style=\"vertical-align: inherit;\">Arbeitstemperatur<\/font><\/font><\/td>\n<td bgcolor=\"#F9F9F9\"><font style=\"vertical-align: inherit;\"><font style=\"vertical-align: inherit;\">+ 10 \u00b0 C ~ + 50 \u00b0 C \uff0850 \u00b0 F ~ 122 \u00b0 F\uff09<\/font><\/font><\/td>\n<\/tr>\n<tr>\n<td bgcolor=\"#F9F9F9\"><font style=\"vertical-align: inherit;\"><font style=\"vertical-align: inherit;\">Lagertemperatur<\/font><\/font><\/td>\n<td bgcolor=\"#F9F9F9\"><font style=\"vertical-align: inherit;\"><font style=\"vertical-align: inherit;\">-40 \u00b0 C ~ + 85 \u00b0 C (-40 \u00b0 F ~ 185 \u00b0 F)<\/font><\/font><\/td>\n<\/tr>\n<tr>\n<td bgcolor=\"#F9F9F9\"><font style=\"vertical-align: inherit;\"><font style=\"vertical-align: inherit;\">Schutzklasse<\/font><\/font><\/td>\n<td bgcolor=\"#F9F9F9\"><font style=\"vertical-align: inherit;\"><font style=\"vertical-align: inherit;\">IP54<\/font><\/font><\/td>\n<\/tr>\n<tr>\n<td bgcolor=\"#F9F9F9\"><font style=\"vertical-align: inherit;\"><font style=\"vertical-align: inherit;\">Ma\u00dfe<\/font><\/font><\/td>\n<td bgcolor=\"#F9F9F9\"><font style=\"vertical-align: inherit;\"><font style=\"vertical-align: inherit;\">129mm x 73mm x 61mm (L x W x H)<\/font><\/font><\/td>\n<\/tr>\n<tr>\n<td bgcolor=\"#F9F9F9\"><font style=\"vertical-align: inherit;\"><font style=\"vertical-align: inherit;\">Gewicht<\/font><\/font><\/td>\n<td bgcolor=\"#F9F9F9\"><font style=\"vertical-align: inherit;\"><font style=\"vertical-align: inherit;\">460g<\/font><\/font><\/td>\n<\/tr>\n<tr>\n<td bgcolor=\"#F9F9F9\"><font style=\"vertical-align: inherit;\"><font style=\"vertical-align: inherit;\">Befestigung<\/font><\/font><\/td>\n<td bgcolor=\"#F9F9F9\"><font style=\"vertical-align: inherit;\"><font style=\"vertical-align: inherit;\">1\/4&#8243; Stativgewinde<\/font><\/font><\/td>\n<\/tr>\n<tr>\n<td rowspan=\"6\"><font style=\"vertical-align: inherit;\"><font style=\"vertical-align: inherit;\">Software<\/font><\/font><\/td>\n<td><font style=\"vertical-align: inherit;\"><font style=\"vertical-align: inherit;\">AI<\/font><\/font><\/td>\n<td><font style=\"vertical-align: inherit;\"><font style=\"vertical-align: inherit;\">Erkennung des Gesichtsbereichs&nbsp;<\/font><\/font><\/td>\n<\/tr>\n<tr>\n<td><font style=\"vertical-align: inherit;\"><font style=\"vertical-align: inherit;\">Temperatur messung&nbsp;<\/font><\/font><\/td>\n<td><font style=\"vertical-align: inherit;\"><font style=\"vertical-align: inherit;\">automatische Messung im Gesichtsbereich, mehrere Personen gleichzeiti&nbsp;<\/font><\/font><\/td>\n<\/tr>\n<tr>\n<td><font style=\"vertical-align: inherit;\"><font style=\"vertical-align: inherit;\">Alarm<\/font><\/font><\/td>\n<td><font style=\"vertical-align: inherit;\"><font style=\"vertical-align: inherit;\">Alarm per Kamera, Computer oder Bildschirm<\/font><\/font><\/td>\n<\/tr>\n<tr>\n<td><font style=\"vertical-align: inherit;\"><font style=\"vertical-align: inherit;\">Foto \/ Video<\/font><\/font><\/td>\n<td><font style=\"vertical-align: inherit;\"><font style=\"vertical-align: inherit;\">Automatische Aufzeichnung im Alarmfall oder manuelle Aufzeichnung \/ abschaltbar<\/font><\/font><\/td>\n<\/tr>\n<tr>\n<td>&nbsp;<\/td>\n<td><font style=\"vertical-align: inherit;\"><font style=\"vertical-align: inherit;\">Anzeige der Temperaturen als Overlay im Kamerabild \u00fcber dem jeweiligen Kopf&nbsp;<\/font><\/font><\/td>\n<\/tr>\n<tr>\n<td><font style=\"vertical-align: inherit;\"><font style=\"vertical-align: inherit;\">Sprache<\/font><\/font><\/td>\n<td><font style=\"vertical-align: inherit;\"><font style=\"vertical-align: inherit;\">&nbsp;English&nbsp;<\/font><\/font><\/td>\n<\/tr>\n<\/tbody>\n<\/table>\n<table class=\"tabborder\" width=\"100%\" cellspacing=\"0\" cellpadding=\"0\">\n<tbody>\n<tr>\n<td colspan=\"2\" width=\"322\"><font style=\"vertical-align: inherit;\"><font style=\"vertical-align: inherit;\">Temperaturbezugssystem<\/font><\/font><\/td>\n<\/tr>\n<tr>\n<td><font style=\"vertical-align: inherit;\"><font style=\"vertical-align: inherit;\">Temperaturmessbereich<\/font><\/font><\/td>\n<td><font style=\"vertical-align: inherit;\"><font style=\"vertical-align: inherit;\">+ 5 \u00b0 C \uff5e 50 \u00b0 C (41 \u00b0 F ~ 122 \u00b0 F\uff09<\/font><\/font><\/td>\n<\/tr>\n<tr>\n<td><font style=\"vertical-align: inherit;\"><font style=\"vertical-align: inherit;\">Oberfl\u00e4chengr\u00f6\u00dfe<\/font><\/font><\/td>\n<td><font style=\"vertical-align: inherit;\"><font style=\"vertical-align: inherit;\">Diameter 25 mm<\/font><\/font><\/td>\n<\/tr>\n<tr>\n<td><font style=\"vertical-align: inherit;\"><font style=\"vertical-align: inherit;\">Emissionsgrad&nbsp;<\/font><\/font><\/td>\n<td><font style=\"vertical-align: inherit;\"><font style=\"vertical-align: inherit;\">0.95 \u00b1 0.02<\/font><\/font><\/td>\n<\/tr>\n<tr>\n<td><font style=\"vertical-align: inherit;\"><font style=\"vertical-align: inherit;\">Richtigkeit<\/font><\/font><\/td>\n<td><font style=\"vertical-align: inherit;\"><font style=\"vertical-align: inherit;\">0.1 \u00b0 C (0.18 \u00b0 F)<\/font><\/font><\/td>\n<\/tr>\n<tr>\n<td><font style=\"vertical-align: inherit;\"><font style=\"vertical-align: inherit;\">Stabilit\u00e4t<\/font><\/font><\/td>\n<td><font style=\"vertical-align: inherit;\"><font style=\"vertical-align: inherit;\">&lt;\u00b1 0.1 \u00b0 C (\u00b1 0.18 \u00b0 F)<\/font><\/font><\/td>\n<\/tr>\n<tr>\n<td><font style=\"vertical-align: inherit;\"><font style=\"vertical-align: inherit;\">Stromversorgung<\/font><\/font><\/td>\n<td><font style=\"vertical-align: inherit;\"><font style=\"vertical-align: inherit;\">DC 5V \/ 2A<\/font><\/font><\/td>\n<\/tr>\n<tr>\n<td><font style=\"vertical-align: inherit;\"><font style=\"vertical-align: inherit;\">Arbeitstemperatur<\/font><\/font><\/td>\n<td><font style=\"vertical-align: inherit;\"><font style=\"vertical-align: inherit;\">0 \u00b0 C \uff5e 50 \u00b0 C (32 \u00b0 F ~ 122 \u00b0 F\uff09<\/font><\/font><\/td>\n<\/tr>\n<tr>\n<td><font style=\"vertical-align: inherit;\"><font style=\"vertical-align: inherit;\">Luftfeuchtigkeit<\/font><\/font><\/td>\n<td><font style=\"vertical-align: inherit;\"><font style=\"vertical-align: inherit;\">\u226490%<\/font><\/font><\/td>\n<\/tr>\n<tr>\n<td><font style=\"vertical-align: inherit;\"><font style=\"vertical-align: inherit;\">Ma\u00dfe<\/font><\/font><\/td>\n<td><font style=\"vertical-align: inherit;\"><font style=\"vertical-align: inherit;\">53 x 50 x 57mm<\/font><\/font><\/td>\n<\/tr>\n<tr>\n<td><font style=\"vertical-align: inherit;\"><font style=\"vertical-align: inherit;\">Gewicht<\/font><\/font><\/td>\n<td><font style=\"vertical-align: inherit;\"><font style=\"vertical-align: inherit;\">150g<\/font><\/font><\/td>\n<\/tr>\n<tr>\n<td><font style=\"vertical-align: inherit;\"><font style=\"vertical-align: inherit;\">Energieverbrauch<\/font><\/font><\/td>\n<td><font style=\"vertical-align: inherit;\"><font style=\"vertical-align: inherit;\">2.5W<\/font><\/font><\/td>\n<\/tr>\n<tr>\n<td><font style=\"vertical-align: inherit;\"><font style=\"vertical-align: inherit;\">EAN<\/font><\/font><\/td>\n<td><font style=\"vertical-align: inherit;\"><font style=\"vertical-align: inherit;\">4250820807402<br \/>\n<\/font><\/font><\/td>\n<\/tr>\n<\/tbody>\n<\/table>\n","protected":false},"excerpt":{"rendered":"<h2>Das System wurde speziell f\u00fcr die vollautomatische kontaktlose Fiebermessung in Personengruppen entwickelt. Aufgrund seines technischen Aufbaus garantiert das System h\u00f6chstm\u00f6gliche Messgenauigkeit bei einfachster Anwendung.<\/h2>\n<h3>Das System ist mit einem Schwarzk\u00f6rpersystem (integriertes Temperaturreferenzsystem) ausgestattet, um die erforderliche hohe Genauigkeit f\u00fcr den Einsatz im Gesundheitswesen zu gew\u00e4hrleisten.<\/h3>\n<p>Der Gesichtsbereich mehrerer Personen einer Gruppe wird beim Vorbeigehen automatisch vom System erkannt und die Temperatur gemessen. Ein Anhalten vor dem System ist nicht erforderlich.<\/p>\n<p>Die ber\u00fchrungslose Messkapazit\u00e4t betr\u00e4gt bis zu 10.000 Personen pro Stunde bei einem Messabstand von bis zu 4 m. Die Messergebnisse werden \u00fcber den K\u00f6pfen mit Temperaturwerten in gr\u00fcn oder rot im Videobild am HDMI-Ausgang oder \u00fcber eine Netzwerkverbindung in der optionalen PC-Software angezeigt.<br \/>\nAuch die erh\u00f6hte Temperatur einer oder mehrerer Personen l\u00f6st einen Alarm au Die Messung erfolgt im Stirnbereich, ein Abnehmen der Schutzmaske ist nicht erforderlich.<\/p>\n","protected":false},"featured_media":2133,"comment_status":"open","ping_status":"closed","template":"","meta":[],"product_cat":[69],"product_tag":[],"_links":{"self":[{"href":"https:\/\/cleanair360.com\/de\/wp-json\/wp\/v2\/product\/2132"}],"collection":[{"href":"https:\/\/cleanair360.com\/de\/wp-json\/wp\/v2\/product"}],"about":[{"href":"https:\/\/cleanair360.com\/de\/wp-json\/wp\/v2\/types\/product"}],"replies":[{"embeddable":true,"href":"https:\/\/cleanair360.com\/de\/wp-json\/wp\/v2\/comments?post=2132"}],"wp:featuredmedia":[{"embeddable":true,"href":"https:\/\/cleanair360.com\/de\/wp-json\/wp\/v2\/media\/2133"}],"wp:attachment":[{"href":"https:\/\/cleanair360.com\/de\/wp-json\/wp\/v2\/media?parent=2132"}],"wp:term":[{"taxonomy":"product_cat","embeddable":true,"href":"https:\/\/cleanair360.com\/de\/wp-json\/wp\/v2\/product_cat?post=2132"},{"taxonomy":"product_tag","embeddable":true,"href":"https:\/\/cleanair360.com\/de\/wp-json\/wp\/v2\/product_tag?post=2132"}],"curies":[{"name":"wp","href":"https:\/\/api.w.org\/{rel}","templated":true}]}}